{"id":9,"date":"2018-04-26T09:51:04","date_gmt":"2018-04-26T09:51:04","guid":{"rendered":"http:\/\/kozaser.sk\/zahrada\/?page_id=9"},"modified":"2025-02-20T13:49:57","modified_gmt":"2025-02-20T13:49:57","slug":"kontakt-kompletny-zahradny-servis","status":"publish","type":"page","link":"https:\/\/kozaser.sk\/zahrada\/kontakt-kompletny-zahradny-servis\/","title":{"rendered":"Kontakt"},"content":{"rendered":"","protected":false},"excerpt":{"rendered":"","protected":false},"author":2,"featured_media":145,"parent":0,"menu_order":0,"comment_status":"open","ping_status":"closed","template":"","meta":{"footnotes":""},"class_list":["post-9","page","type-page","status-publish","has-post-thumbnail","hentry"],"yoast_head":"<!-- This site is optimized with the Yoast SEO plugin v27.5 - https:\/\/yoast.com\/product\/yoast-seo-wordpress\/ -->\n<title>Kontakt - Kompletn\u00fd z\u00e1hradn\u00fd servis<\/title>\n<meta name=\"description\" content=\"Kontakt - Kompletn\u00fd z\u00e1hradn\u00fd servis - Realiz\u00e1cia a \u00fadr\u017ebu z\u00e1hrad - Zavolajte 0907 31 11 22 alebo p\u00ed\u0161te na info@kozaser.sk\" \/>\n<meta name=\"robots\" content=\"index, follow, max-snippet:-1, max-image-preview:large, max-video-preview:-1\" \/>\n<link rel=\"canonical\" href=\"https:\/\/kozaser.sk\/zahrada\/kontakt-kompletny-zahradny-servis\/\" \/>\n<meta property=\"og:locale\" content=\"sk_SK\" \/>\n<meta property=\"og:type\" content=\"article\" \/>\n<meta property=\"og:title\" content=\"Kontakt - Kompletn\u00fd z\u00e1hradn\u00fd servis\" \/>\n<meta property=\"og:description\" content=\"Kontakt - Kompletn\u00fd z\u00e1hradn\u00fd servis - Realiz\u00e1cia a \u00fadr\u017ebu z\u00e1hrad - Zavolajte 0907 31 11 22 alebo p\u00ed\u0161te na info@kozaser.sk\" \/>\n<meta property=\"og:url\" content=\"https:\/\/kozaser.sk\/zahrada\/kontakt-kompletny-zahradny-servis\/\" \/>\n<meta property=\"og:site_name\" content=\"KOZASER - Kompletn\u00fd z\u00e1hradn\u00fd servis\" \/>\n<meta property=\"article:publisher\" content=\"https:\/\/www.facebook.com\/KozaserKompletnyZahradnyServis\" \/>\n<meta property=\"article:modified_time\" content=\"2025-02-20T13:49:57+00:00\" \/>\n<meta property=\"og:image\" content=\"https:\/\/kozaser.sk\/zahrada\/wp-content\/uploads\/2023\/10\/kozaser_subheader_3.png\" \/>\n\t<meta property=\"og:image:width\" content=\"1600\" \/>\n\t<meta property=\"og:image:height\" content=\"320\" \/>\n\t<meta property=\"og:image:type\" content=\"image\/png\" \/>\n<meta name=\"twitter:card\" content=\"summary_large_image\" \/>\n<script type=\"application\/ld+json\" class=\"yoast-schema-graph\">{\"@context\":\"https:\\\/\\\/schema.org\",\"@graph\":[{\"@type\":\"WebPage\",\"@id\":\"https:\\\/\\\/kozaser.sk\\\/zahrada\\\/kontakt-kompletny-zahradny-servis\\\/\",\"url\":\"https:\\\/\\\/kozaser.sk\\\/zahrada\\\/kontakt-kompletny-zahradny-servis\\\/\",\"name\":\"Kontakt - Kompletn\u00fd z\u00e1hradn\u00fd servis\",\"isPartOf\":{\"@id\":\"https:\\\/\\\/kozaser.sk\\\/zahrada\\\/#website\"},\"primaryImageOfPage\":{\"@id\":\"https:\\\/\\\/kozaser.sk\\\/zahrada\\\/kontakt-kompletny-zahradny-servis\\\/#primaryimage\"},\"image\":{\"@id\":\"https:\\\/\\\/kozaser.sk\\\/zahrada\\\/kontakt-kompletny-zahradny-servis\\\/#primaryimage\"},\"thumbnailUrl\":\"https:\\\/\\\/kozaser.sk\\\/zahrada\\\/wp-content\\\/uploads\\\/2023\\\/10\\\/kozaser_subheader_3.png\",\"datePublished\":\"2018-04-26T09:51:04+00:00\",\"dateModified\":\"2025-02-20T13:49:57+00:00\",\"description\":\"Kontakt - Kompletn\u00fd z\u00e1hradn\u00fd servis - Realiz\u00e1cia a \u00fadr\u017ebu z\u00e1hrad - Zavolajte 0907 31 11 22 alebo p\u00ed\u0161te na info@kozaser.sk\",\"breadcrumb\":{\"@id\":\"https:\\\/\\\/kozaser.sk\\\/zahrada\\\/kontakt-kompletny-zahradny-servis\\\/#breadcrumb\"},\"inLanguage\":\"sk-SK\",\"potentialAction\":[{\"@type\":\"ReadAction\",\"target\":[\"https:\\\/\\\/kozaser.sk\\\/zahrada\\\/kontakt-kompletny-zahradny-servis\\\/\"]}]},{\"@type\":\"ImageObject\",\"inLanguage\":\"sk-SK\",\"@id\":\"https:\\\/\\\/kozaser.sk\\\/zahrada\\\/kontakt-kompletny-zahradny-servis\\\/#primaryimage\",\"url\":\"https:\\\/\\\/kozaser.sk\\\/zahrada\\\/wp-content\\\/uploads\\\/2023\\\/10\\\/kozaser_subheader_3.png\",\"contentUrl\":\"https:\\\/\\\/kozaser.sk\\\/zahrada\\\/wp-content\\\/uploads\\\/2023\\\/10\\\/kozaser_subheader_3.png\",\"width\":1600,\"height\":320},{\"@type\":\"BreadcrumbList\",\"@id\":\"https:\\\/\\\/kozaser.sk\\\/zahrada\\\/kontakt-kompletny-zahradny-servis\\\/#breadcrumb\",\"itemListElement\":[{\"@type\":\"ListItem\",\"position\":1,\"name\":\"Domovsk\u00e1 str\u00e1nka\",\"item\":\"https:\\\/\\\/kozaser.sk\\\/zahrada\\\/\"},{\"@type\":\"ListItem\",\"position\":2,\"name\":\"Kontakt\"}]},{\"@type\":\"WebSite\",\"@id\":\"https:\\\/\\\/kozaser.sk\\\/zahrada\\\/#website\",\"url\":\"https:\\\/\\\/kozaser.sk\\\/zahrada\\\/\",\"name\":\"KOZASER - Kompletn\u00fd z\u00e1hradn\u00fd servis\",\"description\":\"Kompletn\u00fd z\u00e1hradn\u00fd servis\",\"publisher\":{\"@id\":\"https:\\\/\\\/kozaser.sk\\\/zahrada\\\/#organization\"},\"potentialAction\":[{\"@type\":\"SearchAction\",\"target\":{\"@type\":\"EntryPoint\",\"urlTemplate\":\"https:\\\/\\\/kozaser.sk\\\/zahrada\\\/?s={search_term_string}\"},\"query-input\":{\"@type\":\"PropertyValueSpecification\",\"valueRequired\":true,\"valueName\":\"search_term_string\"}}],\"inLanguage\":\"sk-SK\"},{\"@type\":\"Organization\",\"@id\":\"https:\\\/\\\/kozaser.sk\\\/zahrada\\\/#organization\",\"name\":\"KOZASER - Kompletn\u00fd z\u00e1hradn\u00fd servis\",\"url\":\"https:\\\/\\\/kozaser.sk\\\/zahrada\\\/\",\"logo\":{\"@type\":\"ImageObject\",\"inLanguage\":\"sk-SK\",\"@id\":\"https:\\\/\\\/kozaser.sk\\\/zahrada\\\/#\\\/schema\\\/logo\\\/image\\\/\",\"url\":\"https:\\\/\\\/kozaser.sk\\\/zahrada\\\/wp-content\\\/uploads\\\/2023\\\/10\\\/kozaser_black_color_ok.png\",\"contentUrl\":\"https:\\\/\\\/kozaser.sk\\\/zahrada\\\/wp-content\\\/uploads\\\/2023\\\/10\\\/kozaser_black_color_ok.png\",\"width\":2542,\"height\":754,\"caption\":\"KOZASER - Kompletn\u00fd z\u00e1hradn\u00fd servis\"},\"image\":{\"@id\":\"https:\\\/\\\/kozaser.sk\\\/zahrada\\\/#\\\/schema\\\/logo\\\/image\\\/\"},\"sameAs\":[\"https:\\\/\\\/www.facebook.com\\\/KozaserKompletnyZahradnyServis\",\"https:\\\/\\\/www.instagram.com\\\/kozaserkompletnyzahradnyservis\\\/\"]}]}<\/script>\n<!-- \/ Yoast SEO plugin. -->","yoast_head_json":{"title":"Kontakt - Kompletn\u00fd z\u00e1hradn\u00fd servis","description":"Kontakt - Kompletn\u00fd z\u00e1hradn\u00fd servis - Realiz\u00e1cia a \u00fadr\u017ebu z\u00e1hrad - Zavolajte 0907 31 11 22 alebo p\u00ed\u0161te na info@kozaser.sk","robots":{"index":"index","follow":"follow","max-snippet":"max-snippet:-1","max-image-preview":"max-image-preview:large","max-video-preview":"max-video-preview:-1"},"canonical":"https:\/\/kozaser.sk\/zahrada\/kontakt-kompletny-zahradny-servis\/","og_locale":"sk_SK","og_type":"article","og_title":"Kontakt - Kompletn\u00fd z\u00e1hradn\u00fd servis","og_description":"Kontakt - Kompletn\u00fd z\u00e1hradn\u00fd servis - Realiz\u00e1cia a \u00fadr\u017ebu z\u00e1hrad - Zavolajte 0907 31 11 22 alebo p\u00ed\u0161te na info@kozaser.sk","og_url":"https:\/\/kozaser.sk\/zahrada\/kontakt-kompletny-zahradny-servis\/","og_site_name":"KOZASER - Kompletn\u00fd z\u00e1hradn\u00fd servis","article_publisher":"https:\/\/www.facebook.com\/KozaserKompletnyZahradnyServis","article_modified_time":"2025-02-20T13:49:57+00:00","og_image":[{"width":1600,"height":320,"url":"https:\/\/kozaser.sk\/zahrada\/wp-content\/uploads\/2023\/10\/kozaser_subheader_3.png","type":"image\/png"}],"twitter_card":"summary_large_image","schema":{"@context":"https:\/\/schema.org","@graph":[{"@type":"WebPage","@id":"https:\/\/kozaser.sk\/zahrada\/kontakt-kompletny-zahradny-servis\/","url":"https:\/\/kozaser.sk\/zahrada\/kontakt-kompletny-zahradny-servis\/","name":"Kontakt - Kompletn\u00fd z\u00e1hradn\u00fd servis","isPartOf":{"@id":"https:\/\/kozaser.sk\/zahrada\/#website"},"primaryImageOfPage":{"@id":"https:\/\/kozaser.sk\/zahrada\/kontakt-kompletny-zahradny-servis\/#primaryimage"},"image":{"@id":"https:\/\/kozaser.sk\/zahrada\/kontakt-kompletny-zahradny-servis\/#primaryimage"},"thumbnailUrl":"https:\/\/kozaser.sk\/zahrada\/wp-content\/uploads\/2023\/10\/kozaser_subheader_3.png","datePublished":"2018-04-26T09:51:04+00:00","dateModified":"2025-02-20T13:49:57+00:00","description":"Kontakt - Kompletn\u00fd z\u00e1hradn\u00fd servis - Realiz\u00e1cia a \u00fadr\u017ebu z\u00e1hrad - Zavolajte 0907 31 11 22 alebo p\u00ed\u0161te na info@kozaser.sk","breadcrumb":{"@id":"https:\/\/kozaser.sk\/zahrada\/kontakt-kompletny-zahradny-servis\/#breadcrumb"},"inLanguage":"sk-SK","potentialAction":[{"@type":"ReadAction","target":["https:\/\/kozaser.sk\/zahrada\/kontakt-kompletny-zahradny-servis\/"]}]},{"@type":"ImageObject","inLanguage":"sk-SK","@id":"https:\/\/kozaser.sk\/zahrada\/kontakt-kompletny-zahradny-servis\/#primaryimage","url":"https:\/\/kozaser.sk\/zahrada\/wp-content\/uploads\/2023\/10\/kozaser_subheader_3.png","contentUrl":"https:\/\/kozaser.sk\/zahrada\/wp-content\/uploads\/2023\/10\/kozaser_subheader_3.png","width":1600,"height":320},{"@type":"BreadcrumbList","@id":"https:\/\/kozaser.sk\/zahrada\/kontakt-kompletny-zahradny-servis\/#breadcrumb","itemListElement":[{"@type":"ListItem","position":1,"name":"Domovsk\u00e1 str\u00e1nka","item":"https:\/\/kozaser.sk\/zahrada\/"},{"@type":"ListItem","position":2,"name":"Kontakt"}]},{"@type":"WebSite","@id":"https:\/\/kozaser.sk\/zahrada\/#website","url":"https:\/\/kozaser.sk\/zahrada\/","name":"KOZASER - Kompletn\u00fd z\u00e1hradn\u00fd servis","description":"Kompletn\u00fd z\u00e1hradn\u00fd servis","publisher":{"@id":"https:\/\/kozaser.sk\/zahrada\/#organization"},"potentialAction":[{"@type":"SearchAction","target":{"@type":"EntryPoint","urlTemplate":"https:\/\/kozaser.sk\/zahrada\/?s={search_term_string}"},"query-input":{"@type":"PropertyValueSpecification","valueRequired":true,"valueName":"search_term_string"}}],"inLanguage":"sk-SK"},{"@type":"Organization","@id":"https:\/\/kozaser.sk\/zahrada\/#organization","name":"KOZASER - Kompletn\u00fd z\u00e1hradn\u00fd servis","url":"https:\/\/kozaser.sk\/zahrada\/","logo":{"@type":"ImageObject","inLanguage":"sk-SK","@id":"https:\/\/kozaser.sk\/zahrada\/#\/schema\/logo\/image\/","url":"https:\/\/kozaser.sk\/zahrada\/wp-content\/uploads\/2023\/10\/kozaser_black_color_ok.png","contentUrl":"https:\/\/kozaser.sk\/zahrada\/wp-content\/uploads\/2023\/10\/kozaser_black_color_ok.png","width":2542,"height":754,"caption":"KOZASER - Kompletn\u00fd z\u00e1hradn\u00fd servis"},"image":{"@id":"https:\/\/kozaser.sk\/zahrada\/#\/schema\/logo\/image\/"},"sameAs":["https:\/\/www.facebook.com\/KozaserKompletnyZahradnyServis","https:\/\/www.instagram.com\/kozaserkompletnyzahradnyservis\/"]}]}},"_links":{"self":[{"href":"https:\/\/kozaser.sk\/zahrada\/wp-json\/wp\/v2\/pages\/9","targetHints":{"allow":["GET"]}}],"collection":[{"href":"https:\/\/kozaser.sk\/zahrada\/wp-json\/wp\/v2\/pages"}],"about":[{"href":"https:\/\/kozaser.sk\/zahrada\/wp-json\/wp\/v2\/types\/page"}],"author":[{"embeddable":true,"href":"https:\/\/kozaser.sk\/zahrada\/wp-json\/wp\/v2\/users\/2"}],"replies":[{"embeddable":true,"href":"https:\/\/kozaser.sk\/zahrada\/wp-json\/wp\/v2\/comments?post=9"}],"version-history":[{"count":1,"href":"https:\/\/kozaser.sk\/zahrada\/wp-json\/wp\/v2\/pages\/9\/revisions"}],"predecessor-version":[{"id":142,"href":"https:\/\/kozaser.sk\/zahrada\/wp-json\/wp\/v2\/pages\/9\/revisions\/142"}],"wp:featuredmedia":[{"embeddable":true,"href":"https:\/\/kozaser.sk\/zahrada\/wp-json\/wp\/v2\/media\/145"}],"wp:attachment":[{"href":"https:\/\/kozaser.sk\/zahrada\/wp-json\/wp\/v2\/media?parent=9"}],"curies":[{"name":"wp","href":"https:\/\/api.w.org\/{rel}","templated":true}]}}